{"id":26,"date":"2023-05-30T11:00:16","date_gmt":"2023-05-30T11:00:16","guid":{"rendered":"https:\/\/mledge.networks.imdea.org\/?page_id=26"},"modified":"2024-12-30T11:05:45","modified_gmt":"2024-12-30T11:05:45","slug":"publicaciones-cientificas","status":"publish","type":"page","link":"https:\/\/mledge.networks.imdea.org\/en\/publicaciones-cientificas\/","title":{"rendered":"Scientific publications"},"content":{"rendered":"<p><\/p>\n<div class=\"col-12\">\n<p><span style=\"font-size: 16px\">This page summarizes the scientific publications that have been given as a result of the developments of the project.<\/span><\/p>\n<ol>\n<li>Andres, Santiago;\u00a0Iordanou, Costas;\u00a0Laoutaris, Nikolaos. (2023) <a href=\"https:\/\/dspace.networks.imdea.org\/handle\/20.500.12761\/1672?show=full\"><em>Understanding the Price of Data in Commercial Data Marketplaces.<\/em><\/a> <span class=\"event-title\">IEEE International Conference on Data Engineering.<\/span>\u00a0<span class=\"event-location\">Los Angeles, California, USA.<\/span>\u00a0<span class=\"date\">April 2023.\u00a0<\/span><\/li>\n<li style=\"font-weight: 400\"><span style=\"font-weight: 400\">Tianyue Chu, Alvaro Garcia-Recuero, Costas Iordanou, Georgios Smaragdakis, Nikolaos Laoutaris <\/span><a href=\"https:\/\/www.ndss-symposium.org\/ndss-paper\/securing-federated-sensitive-topic-classification-against-poisoning-attacks\/\"><span style=\"font-weight: 400\">Securing Federated Sensitive Topic Classification against Poisoning Attacks<\/span><\/a><span style=\"font-weight: 400\">. Network and Distributed System Security (NDSS) Symposium. 2023<\/span><\/li>\n<li>Devri\u015f I\u015fler, Elisa Cabana, \u00c1lvaro Garcia-Recuero, Gieorgia Koutrika, Nikolaos Laoutaris, <a href=\"https:\/\/ieeexplore.ieee.org\/abstract\/document\/10597840\">FreqyWM: Frequency Watermarking for the New Data Economy<\/a>, accepted for publication at IEEE International Conference on Data Engineering ICDE\u201924<\/li>\n<li>T. Chu, N. Laoutaris, \u201c<a href=\"https:\/\/dl.acm.org\/doi\/abs\/10.1145\/3656006\">FedQV: Leveraging Quadratic Voting in Federated Learning<\/a>,\u201d ACM SIGMETRICS\u201924<\/li>\n<li><span style=\"font-weight: 400\">Tianyue Chu<\/span>, Mengwei Yang, <span style=\"font-weight: 400\">Nikolaos Laoutaris<\/span>\u00a0&amp; Athina\u00a0Markopoulou (2023). <a href=\"https:\/\/dl.acm.org\/doi\/10.1145\/3702241\">PriPrune: Quantifying and Preserving Privacy in Pruned Federated Learning<\/a>. <em>ACM Transactions on Modeling and Performance Evaluation of Computing Systems<\/em>.<\/li>\n<\/ol>\n<\/div>\n<p><\/p>","protected":false},"excerpt":{"rendered":"This page summarizes the scientific publications that have been given as a result of the developments of the project. Andres, Santiago;\u00a0Iordanou, Costas;\u00a0Laoutaris, Nikolaos. (2023) Understanding the Price of Data in Commercial Data Marketplaces. IEEE International Conference on Data Engineering.\u00a0Los Angeles, California, USA.\u00a0April 2023.\u00a0 Tianyue Chu, Alvaro Garcia-Recuero, Costas Iordanou, Georgios Smaragdakis, Nikolaos Laoutaris Securing Federated&#8230;","protected":false},"author":195,"featured_media":0,"parent":0,"menu_order":3,"comment_status":"closed","ping_status":"closed","template":"","meta":{"_acf_changed":false,"footnotes":""},"class_list":["post-26","page","type-page","status-publish","hentry"],"acf":[],"_links":{"self":[{"href":"https:\/\/mledge.networks.imdea.org\/en\/wp-json\/wp\/v2\/pages\/26","targetHints":{"allow":["GET"]}}],"collection":[{"href":"https:\/\/mledge.networks.imdea.org\/en\/wp-json\/wp\/v2\/pages"}],"about":[{"href":"https:\/\/mledge.networks.imdea.org\/en\/wp-json\/wp\/v2\/types\/page"}],"author":[{"embeddable":true,"href":"https:\/\/mledge.networks.imdea.org\/en\/wp-json\/wp\/v2\/users\/195"}],"replies":[{"embeddable":true,"href":"https:\/\/mledge.networks.imdea.org\/en\/wp-json\/wp\/v2\/comments?post=26"}],"version-history":[{"count":15,"href":"https:\/\/mledge.networks.imdea.org\/en\/wp-json\/wp\/v2\/pages\/26\/revisions"}],"predecessor-version":[{"id":196,"href":"https:\/\/mledge.networks.imdea.org\/en\/wp-json\/wp\/v2\/pages\/26\/revisions\/196"}],"wp:attachment":[{"href":"https:\/\/mledge.networks.imdea.org\/en\/wp-json\/wp\/v2\/media?parent=26"}],"curies":[{"name":"wp","href":"https:\/\/api.w.org\/{rel}","templated":true}]}}